{"id":969,"date":"2017-09-02T20:02:19","date_gmt":"2017-09-02T19:02:19","guid":{"rendered":"http:\/\/iesmedinaalbaida.catedu.es\/?page_id=969"},"modified":"2025-09-08T08:33:07","modified_gmt":"2025-09-08T07:33:07","slug":"componentes-15","status":"publish","type":"page","link":"https:\/\/iesmedinaalbaida.catedu.es\/?page_id=969","title":{"rendered":"TECNOLOG\u00cdA"},"content":{"rendered":"<table class=\" alignleft\" style=\"width: 445px;\">\n<tbody>\n<tr>\n<td style=\"width: 209px;\"><strong>Jefe de Departamento<\/strong><\/td>\n<td style=\"width: 227px;\">M\u00aa Jos\u00e9 Blecua<\/td>\n<\/tr>\n<tr>\n<td style=\"width: 209px; vertical-align: top;\"><strong>Profesorado<\/strong><\/td>\n<td style=\"width: 227px; vertical-align: top;\">Flor\u00edan Vijuesca<\/td>\n<\/tr>\n<tr>\n<td style=\"width: 209px; vertical-align: top;\"><\/td>\n<td style=\"width: 227px; vertical-align: top;\">Lourdes Mart\u00edn<\/td>\n<\/tr>\n<tr>\n<td style=\"width: 209px; vertical-align: top;\"><\/td>\n<td style=\"width: 227px; vertical-align: top;\">V\u00edctor Gonz\u00e1lez<\/td>\n<\/tr>\n<tr>\n<td style=\"width: 209px; vertical-align: top;\"><\/td>\n<td style=\"width: 227px; vertical-align: top;\"><\/td>\n<\/tr>\n<\/tbody>\n<\/table>\n<p>&nbsp;<\/p>\n<p>&nbsp;<\/p>\n<p>&nbsp;<\/p>\n<p>&nbsp;<\/p>\n<p>&nbsp;<\/p>\n<p>&nbsp;<\/p>\n<p style=\"text-align: left;\"><strong><span style=\"font-size: 18pt; background-color: #ffffff; color: #0000ff;\"><a style=\"background-color: #ffffff; color: #0000ff;\" href=\"https:\/\/sites.google.com\/iesmedinaalbaida.com\/departamento-tecnologia\/inicio\" target=\"_blank\" rel=\"noopener\">WEB DEL DEPARTAMENTO TECNOLOG\u00cdA<\/a>\u00a0<\/span><\/strong><\/p>\n<p><img loading=\"lazy\" decoding=\"async\" class=\"aligncenter\" src=\"https:\/\/lh3.googleusercontent.com\/-3hntdpDaPMc\/VVaRrExIV7I\/AAAAAAAAnS0\/legek9mYT_I\/w1200-h630-p-k-no-nu\/digital-marketing-2014.jpg\" alt=\"Imagen relacionada\" width=\"304\" height=\"160\" \/><\/p>\n","protected":false},"excerpt":{"rendered":"<p>Jefe de Departamento M\u00aa Jos\u00e9 Blecua Profesorado Flor\u00edan Vijuesca Lourdes Mart\u00edn V\u00edctor Gonz\u00e1lez &nbsp; &nbsp; &nbsp; &nbsp; &nbsp; &nbsp; WEB DEL DEPARTAMENTO TECNOLOG\u00cdA\u00a0<\/p>\n","protected":false},"author":1179,"featured_media":0,"parent":0,"menu_order":18,"comment_status":"closed","ping_status":"closed","template":"","meta":{"_crdt_document":"","_monsterinsights_skip_tracking":false,"_monsterinsights_sitenote_active":false,"_monsterinsights_sitenote_note":"","_monsterinsights_sitenote_category":0,"footnotes":""},"class_list":["post-969","page","type-page","status-publish","hentry","nodate","item-wrap"],"_links":{"self":[{"href":"https:\/\/iesmedinaalbaida.catedu.es\/index.php?rest_route=\/wp\/v2\/pages\/969","targetHints":{"allow":["GET"]}}],"collection":[{"href":"https:\/\/iesmedinaalbaida.catedu.es\/index.php?rest_route=\/wp\/v2\/pages"}],"about":[{"href":"https:\/\/iesmedinaalbaida.catedu.es\/index.php?rest_route=\/wp\/v2\/types\/page"}],"author":[{"embeddable":true,"href":"https:\/\/iesmedinaalbaida.catedu.es\/index.php?rest_route=\/wp\/v2\/users\/1179"}],"replies":[{"embeddable":true,"href":"https:\/\/iesmedinaalbaida.catedu.es\/index.php?rest_route=%2Fwp%2Fv2%2Fcomments&post=969"}],"version-history":[{"count":29,"href":"https:\/\/iesmedinaalbaida.catedu.es\/index.php?rest_route=\/wp\/v2\/pages\/969\/revisions"}],"predecessor-version":[{"id":9750,"href":"https:\/\/iesmedinaalbaida.catedu.es\/index.php?rest_route=\/wp\/v2\/pages\/969\/revisions\/9750"}],"wp:attachment":[{"href":"https:\/\/iesmedinaalbaida.catedu.es\/index.php?rest_route=%2Fwp%2Fv2%2Fmedia&parent=969"}],"curies":[{"name":"wp","href":"https:\/\/api.w.org\/{rel}","templated":true}]}}