{"id":9105,"date":"2023-09-21T15:54:51","date_gmt":"2023-09-21T14:54:51","guid":{"rendered":"https:\/\/iesmedinaalbaida.catedu.es\/?page_id=9105"},"modified":"2025-10-08T16:20:15","modified_gmt":"2025-10-08T15:20:15","slug":"orientacion-3","status":"publish","type":"page","link":"https:\/\/iesmedinaalbaida.catedu.es\/?page_id=9105","title":{"rendered":"ORIENTACI\u00d3N"},"content":{"rendered":"\n<table style=\"border-collapse: collapse; width: 100%; height: 312px;\">\n<tbody>\n<tr style=\"height: 39px;\">\n<td style=\"width: 31.5205%; height: 39px;\"><strong>Jefe de Departamento<\/strong><\/td>\n<td style=\"width: 68.4795%; height: 39px;\">Sara Ruiz<\/td>\n<\/tr>\n<tr style=\"height: 39px;\">\n<td style=\"width: 31.5205%; height: 39px;\"><strong>Profesorado<\/strong><\/td>\n<td style=\"width: 68.4795%; height: 39px;\">Paz Ballesteros<\/td>\n<\/tr>\n<tr style=\"height: 39px;\">\n<td style=\"width: 31.5205%; height: 39px;\">&nbsp;<\/td>\n<td style=\"width: 68.4795%; height: 39px;\">Ana Bel\u00e9n Morales<\/td>\n<\/tr>\n<tr style=\"height: 39px;\">\n<td style=\"width: 31.5205%; height: 39px;\">&nbsp;<\/td>\n<td style=\"width: 68.4795%; height: 39px;\">Ver\u00f3nica Edeso (sustituida por Andrea Sierra)<\/td>\n<\/tr>\n<tr style=\"height: 39px;\">\n<td style=\"width: 31.5205%; height: 39px;\">&nbsp;<\/td>\n<td style=\"width: 68.4795%; height: 39px;\">Dora Blasco<\/td>\n<\/tr>\n<tr style=\"height: 39px;\">\n<td style=\"width: 31.5205%; height: 39px;\">&nbsp;<\/td>\n<td style=\"width: 68.4795%; height: 39px;\">Elena Salmer\u00f3n<\/td>\n<\/tr>\n<tr style=\"height: 39px;\">\n<td style=\"width: 31.5205%; height: 39px;\">&nbsp;<\/td>\n<td style=\"width: 68.4795%; height: 39px;\">Mar\u00eda Aguareles<\/td>\n<\/tr>\n<tr style=\"height: 39px;\">\n<td style=\"width: 31.5205%; height: 39px;\">&nbsp;<\/td>\n<td style=\"width: 68.4795%; height: 39px;\">Mar\u00eda Berges<\/td>\n<\/tr>\n<tr>\n<td style=\"width: 31.5205%;\">&nbsp;<\/td>\n<td style=\"width: 68.4795%;\">Sara M\u00aa Mart\u00ednez<\/td>\n<\/tr>\n<\/tbody>\n<\/table>\n\n\n\n<p>Informaci\u00f3n de las asignaturas impartidas por el Departamento de Orientaci\u00f3n<\/p>\n<ul>\n<li><a href=\"https:\/\/iesmedinaalbaida.catedu.es\/wp-content\/uploads\/sites\/271\/2025\/10\/3o-ambito-linguistico-social-25_26.pdf\" target=\"_blank\" rel=\"noopener\">\u00c1mbito Ling\u00fc\u00edstico Social<\/a> (3\u00ba Diversificaci\u00f3n)<\/li>\n<li><a href=\"https:\/\/iesmedinaalbaida.catedu.es\/wp-content\/uploads\/sites\/271\/2025\/10\/3o-ambito-cientifico-tecnico-25_26.pdf\" target=\"_blank\" rel=\"noopener\">\u00c1mbito Cient\u00edfico T\u00e9cnico<\/a> (3\u00ba Diversificaci\u00f3n)<\/li>\n<li><a href=\"https:\/\/iesmedinaalbaida.catedu.es\/wp-content\/uploads\/sites\/271\/2023\/10\/3ESODIVERSIFICACION_AMBITO_PRACTICO_23_24.docx.pdf\" target=\"_blank\" rel=\"noopener\">\u00c1mbito Pr\u00e1ctico<\/a> (3\u00ba Diversificaci\u00f3n)<\/li>\n<li><a href=\"https:\/\/iesmedinaalbaida.catedu.es\/wp-content\/uploads\/sites\/271\/2025\/10\/4o-ambito-linguistico-social-25_26.pdf\" target=\"_blank\" rel=\"noopener\">\u00c1mbito Ling\u00fc\u00edstico Social<\/a> (4\u00ba Diversificaci\u00f3n)<\/li>\n<li><a href=\"https:\/\/iesmedinaalbaida.catedu.es\/wp-content\/uploads\/sites\/271\/2025\/10\/4o-ambito-cientifico-tecnico-25_26.pdf\" target=\"_blank\" rel=\"noopener\">\u00c1mbito Cient\u00edfico T\u00e9cnico<\/a> (4\u00ba Diversificaci\u00f3n)<\/li>\n<li><a href=\"https:\/\/iesmedinaalbaida.catedu.es\/wp-content\/uploads\/sites\/271\/2023\/10\/4ESODIVERSIFICACION_AMBITO_PRACTICO_23_24.docx.pdf\" target=\"_blank\" rel=\"noopener\">\u00c1mbito Pr\u00e1ctico<\/a> (4\u00ba Diversificaci\u00f3n)<\/li>\n<\/ul>\n","protected":false},"excerpt":{"rendered":"<p>Jefe de Departamento Sara Ruiz Profesorado Paz Ballesteros &nbsp; Ana Bel\u00e9n Morales &nbsp; Ver\u00f3nica Edeso (sustituida por Andrea Sierra) &nbsp; Dora Blasco &nbsp; Elena Salmer\u00f3n &nbsp; Mar\u00eda Aguareles &nbsp; Mar\u00eda Berges &nbsp; Sara M\u00aa Mart\u00ednez Informaci\u00f3n de las asignaturas impartidas por el Departamento de Orientaci\u00f3n \u00c1mbito Ling\u00fc\u00edstico Social (3\u00ba Diversificaci\u00f3n) \u00c1mbito Cient\u00edfico T\u00e9cnico (3\u00ba Diversificaci\u00f3n) &hellip; <\/p>\n<p><a class=\"more-link btn\" href=\"https:\/\/iesmedinaalbaida.catedu.es\/?page_id=9105\">Seguir leyendo<\/a><\/p>\n","protected":false},"author":1179,"featured_media":0,"parent":0,"menu_order":0,"comment_status":"closed","ping_status":"closed","template":"","meta":{"_crdt_document":"","_monsterinsights_skip_tracking":false,"_monsterinsights_sitenote_active":false,"_monsterinsights_sitenote_note":"","_monsterinsights_sitenote_category":0,"footnotes":""},"class_list":["post-9105","page","type-page","status-publish","hentry","nodate","item-wrap"],"_links":{"self":[{"href":"https:\/\/iesmedinaalbaida.catedu.es\/index.php?rest_route=\/wp\/v2\/pages\/9105","targetHints":{"allow":["GET"]}}],"collection":[{"href":"https:\/\/iesmedinaalbaida.catedu.es\/index.php?rest_route=\/wp\/v2\/pages"}],"about":[{"href":"https:\/\/iesmedinaalbaida.catedu.es\/index.php?rest_route=\/wp\/v2\/types\/page"}],"author":[{"embeddable":true,"href":"https:\/\/iesmedinaalbaida.catedu.es\/index.php?rest_route=\/wp\/v2\/users\/1179"}],"replies":[{"embeddable":true,"href":"https:\/\/iesmedinaalbaida.catedu.es\/index.php?rest_route=%2Fwp%2Fv2%2Fcomments&post=9105"}],"version-history":[{"count":7,"href":"https:\/\/iesmedinaalbaida.catedu.es\/index.php?rest_route=\/wp\/v2\/pages\/9105\/revisions"}],"predecessor-version":[{"id":9780,"href":"https:\/\/iesmedinaalbaida.catedu.es\/index.php?rest_route=\/wp\/v2\/pages\/9105\/revisions\/9780"}],"wp:attachment":[{"href":"https:\/\/iesmedinaalbaida.catedu.es\/index.php?rest_route=%2Fwp%2Fv2%2Fmedia&parent=9105"}],"curies":[{"name":"wp","href":"https:\/\/api.w.org\/{rel}","templated":true}]}}