{"id":898,"date":"2017-09-02T18:46:06","date_gmt":"2017-09-02T17:46:06","guid":{"rendered":"http:\/\/iesmedinaalbaida.catedu.es\/?page_id=898"},"modified":"2025-09-29T09:45:48","modified_gmt":"2025-09-29T08:45:48","slug":"componentes-9","status":"publish","type":"page","link":"https:\/\/iesmedinaalbaida.catedu.es\/?page_id=898","title":{"rendered":"INGL\u00c9S"},"content":{"rendered":"<table style=\"height: 287px; width: 100%;\">\n<tbody>\n<tr style=\"height: 22px;\">\n<td style=\"width: 51.1476%; height: 22px;\"><strong>Jefe de Departamento y coordinador BRIT<\/strong><\/td>\n<td style=\"width: 115.512%; height: 22px; text-align: left;\"><span style=\"font-size: 12pt;\">Luis Mart\u00edn<\/span><\/td>\n<\/tr>\n<tr style=\"height: 24px;\">\n<td style=\"width: 51.1476%; height: 10px;\"><strong>Profesorado<\/strong><\/td>\n<td style=\"width: 115.512%; height: 10px; text-align: left;\">Guadalupe Garc\u00eda<\/td>\n<\/tr>\n<tr style=\"height: 24px;\">\n<td style=\"width: 51.1476%; height: 24px;\"><\/td>\n<td style=\"width: 115.512%; height: 24px; text-align: left;\"><span style=\"font-size: 12pt;\">Beatriz Yang\u00fcela<\/span><\/td>\n<\/tr>\n<tr style=\"height: 39px;\">\n<td style=\"width: 51.1476%; height: 39px;\"><\/td>\n<td style=\"width: 115.512%; height: 24px; text-align: left;\">Adriana Estrada<\/td>\n<\/tr>\n<tr style=\"height: 24px;\">\n<td style=\"width: 51.1476%; height: 24px;\"><\/td>\n<td style=\"width: 115.512%; height: 24px; text-align: left;\">M.\u00aa Cristina Cacho<\/td>\n<\/tr>\n<tr style=\"height: 24px;\">\n<td style=\"width: 51.1476%; height: 24px;\"><\/td>\n<td style=\"width: 115.512%; height: 24px; text-align: left;\">M.\u00aa Reyes Calvo<\/td>\n<\/tr>\n<tr style=\"height: 24px;\">\n<td style=\"width: 51.1476%; height: 24px;\"><\/td>\n<td style=\"width: 115.512%; text-align: left; height: 40px;\">Andrea Garc\u00eda<\/td>\n<\/tr>\n<tr style=\"height: 40px;\">\n<td style=\"width: 51.1476%; height: 40px;\"><\/td>\n<td style=\"width: 115.512%; text-align: left; height: 40px;\">M.\u00aa Teresa Zarrabeitia<\/td>\n<\/tr>\n<tr style=\"height: 40px;\">\n<td style=\"width: 51.1476%; height: 40px;\"><\/td>\n<td style=\"width: 115.512%; text-align: left; height: 40px;\">Antonio P\u00e9rez<\/td>\n<\/tr>\n<tr style=\"height: 40px;\">\n<td style=\"width: 51.1476%; height: 40px;\">Auxiliar de conversaci\u00f3n<\/td>\n<td style=\"width: 115.512%; text-align: left; height: 40px;\">Benedict Peterson<\/td>\n<\/tr>\n<\/tbody>\n<\/table>\n<p>&nbsp;<\/p>\n<p style=\"text-align: left;\"><strong><span style=\"font-size: 18pt; background-color: #ffffff; color: #0000ff;\"><a style=\"background-color: #ffffff; color: #0000ff;\" href=\"https:\/\/sites.google.com\/iesmedinaalbaida.com\/english-department?pli=1\" target=\"_blank\" rel=\"noopener\">WEB DEL DEPARTAMENTO DE INGL\u00c9S<\/a><\/span><\/strong><\/p>\n<p><a href=\"https:\/\/sites.google.com\/iesmedinaalbaida.com\/english-department?pli=1\" target=\"_blank\" rel=\"noopener\"><img loading=\"lazy\" decoding=\"async\" class=\"size-medium wp-image-9076 aligncenter\" src=\"https:\/\/iesmedinaalbaida.catedu.es\/wp-content\/uploads\/sites\/271\/2023\/09\/bandera-UK-300x150.png\" alt=\"\" width=\"300\" height=\"150\" srcset=\"https:\/\/iesmedinaalbaida.catedu.es\/wp-content\/uploads\/sites\/271\/2023\/09\/bandera-UK-300x150.png 300w, https:\/\/iesmedinaalbaida.catedu.es\/wp-content\/uploads\/sites\/271\/2023\/09\/bandera-UK.png 318w\" sizes=\"auto, (max-width: 300px) 100vw, 300px\" \/><\/a><\/p>\n","protected":false},"excerpt":{"rendered":"<p>Jefe de Departamento y coordinador BRIT Luis Mart\u00edn Profesorado Guadalupe Garc\u00eda Beatriz Yang\u00fcela Adriana Estrada M.\u00aa Cristina Cacho M.\u00aa Reyes Calvo Andrea Garc\u00eda M.\u00aa Teresa Zarrabeitia Antonio P\u00e9rez Auxiliar de conversaci\u00f3n Benedict Peterson &nbsp; WEB DEL DEPARTAMENTO DE INGL\u00c9S<\/p>\n","protected":false},"author":1179,"featured_media":0,"parent":0,"menu_order":11,"comment_status":"closed","ping_status":"closed","template":"","meta":{"_crdt_document":"","_monsterinsights_skip_tracking":false,"_monsterinsights_sitenote_active":false,"_monsterinsights_sitenote_note":"","_monsterinsights_sitenote_category":0,"footnotes":""},"class_list":["post-898","page","type-page","status-publish","hentry","nodate","item-wrap"],"_links":{"self":[{"href":"https:\/\/iesmedinaalbaida.catedu.es\/index.php?rest_route=\/wp\/v2\/pages\/898","targetHints":{"allow":["GET"]}}],"collection":[{"href":"https:\/\/iesmedinaalbaida.catedu.es\/index.php?rest_route=\/wp\/v2\/pages"}],"about":[{"href":"https:\/\/iesmedinaalbaida.catedu.es\/index.php?rest_route=\/wp\/v2\/types\/page"}],"author":[{"embeddable":true,"href":"https:\/\/iesmedinaalbaida.catedu.es\/index.php?rest_route=\/wp\/v2\/users\/1179"}],"replies":[{"embeddable":true,"href":"https:\/\/iesmedinaalbaida.catedu.es\/index.php?rest_route=%2Fwp%2Fv2%2Fcomments&post=898"}],"version-history":[{"count":54,"href":"https:\/\/iesmedinaalbaida.catedu.es\/index.php?rest_route=\/wp\/v2\/pages\/898\/revisions"}],"predecessor-version":[{"id":9762,"href":"https:\/\/iesmedinaalbaida.catedu.es\/index.php?rest_route=\/wp\/v2\/pages\/898\/revisions\/9762"}],"wp:attachment":[{"href":"https:\/\/iesmedinaalbaida.catedu.es\/index.php?rest_route=%2Fwp%2Fv2%2Fmedia&parent=898"}],"curies":[{"name":"wp","href":"https:\/\/api.w.org\/{rel}","templated":true}]}}