{"id":826,"date":"2017-09-02T17:42:09","date_gmt":"2017-09-02T16:42:09","guid":{"rendered":"http:\/\/iesmedinaalbaida.catedu.es\/?page_id=826"},"modified":"2025-09-04T17:09:21","modified_gmt":"2025-09-04T16:09:21","slug":"educacion-fisica","status":"publish","type":"page","link":"https:\/\/iesmedinaalbaida.catedu.es\/?page_id=826","title":{"rendered":"EDUCACI\u00d3N F\u00cdSICA"},"content":{"rendered":"<table style=\"width: 515px;\">\n<tbody>\n<tr>\n<td style=\"width: 204.75px;\"><strong>Jefa de Departamento<\/strong><\/td>\n<td style=\"width: 298.25px;\">Yolanda P\u00e9rez<\/td>\n<\/tr>\n<tr>\n<td style=\"width: 204.75px;\"><strong>Profesorado<\/strong><\/td>\n<td style=\"width: 298.25px;\">Paula Lorente<\/td>\n<\/tr>\n<tr>\n<td style=\"width: 204.75px;\"><strong>\u00a0<\/strong><\/td>\n<td style=\"width: 298.25px;\">Carlos Rap\u00fan<\/td>\n<\/tr>\n<\/tbody>\n<\/table>\n<p style=\"text-align: left;\"><span style=\"background-color: #ffffff;\"><strong><span style=\"font-size: 18pt; background-color: #ffffff;\"><a style=\"background-color: #ffffff;\" href=\"https:\/\/sites.google.com\/iesmedinaalbaida.com\/educacinfsica\/inicio\" target=\"_blank\" rel=\"noopener\"><span style=\"color: #0000ff;\">WEB DEL DEPARTAMENTO DE EDUCACI\u00d3N F\u00cdSICA<\/span><\/a><\/span><\/strong><\/span><\/p>\n<p>&nbsp;<\/p>\n<p><img loading=\"lazy\" decoding=\"async\" class=\"alignnone aligncenter\" src=\"https:\/\/fernandoderojasef.files.wordpress.com\/2015\/09\/images_0.jpg?w=500\" alt=\"Resultado de imagen de educacion fisica\" width=\"361\" height=\"151\" \/><\/p>\n<p>&nbsp;<\/p>\n<p>&nbsp;<\/p>\n","protected":false},"excerpt":{"rendered":"<p>Jefa de Departamento Yolanda P\u00e9rez Profesorado Paula Lorente \u00a0 Carlos Rap\u00fan WEB DEL DEPARTAMENTO DE EDUCACI\u00d3N F\u00cdSICA &nbsp; &nbsp; &nbsp;<\/p>\n","protected":false},"author":1179,"featured_media":0,"parent":0,"menu_order":5,"comment_status":"closed","ping_status":"closed","template":"","meta":{"_crdt_document":"","_monsterinsights_skip_tracking":false,"_monsterinsights_sitenote_active":false,"_monsterinsights_sitenote_note":"","_monsterinsights_sitenote_category":0,"footnotes":""},"class_list":["post-826","page","type-page","status-publish","hentry","nodate","item-wrap"],"_links":{"self":[{"href":"https:\/\/iesmedinaalbaida.catedu.es\/index.php?rest_route=\/wp\/v2\/pages\/826","targetHints":{"allow":["GET"]}}],"collection":[{"href":"https:\/\/iesmedinaalbaida.catedu.es\/index.php?rest_route=\/wp\/v2\/pages"}],"about":[{"href":"https:\/\/iesmedinaalbaida.catedu.es\/index.php?rest_route=\/wp\/v2\/types\/page"}],"author":[{"embeddable":true,"href":"https:\/\/iesmedinaalbaida.catedu.es\/index.php?rest_route=\/wp\/v2\/users\/1179"}],"replies":[{"embeddable":true,"href":"https:\/\/iesmedinaalbaida.catedu.es\/index.php?rest_route=%2Fwp%2Fv2%2Fcomments&post=826"}],"version-history":[{"count":28,"href":"https:\/\/iesmedinaalbaida.catedu.es\/index.php?rest_route=\/wp\/v2\/pages\/826\/revisions"}],"predecessor-version":[{"id":9722,"href":"https:\/\/iesmedinaalbaida.catedu.es\/index.php?rest_route=\/wp\/v2\/pages\/826\/revisions\/9722"}],"wp:attachment":[{"href":"https:\/\/iesmedinaalbaida.catedu.es\/index.php?rest_route=%2Fwp%2Fv2%2Fmedia&parent=826"}],"curies":[{"name":"wp","href":"https:\/\/api.w.org\/{rel}","templated":true}]}}