{"id":71,"date":"2016-11-07T11:11:48","date_gmt":"2016-11-07T10:11:48","guid":{"rendered":"http:\/\/iesmedinaalbaida.catedu.es\/?page_id=71"},"modified":"2024-05-17T12:24:27","modified_gmt":"2024-05-17T11:24:27","slug":"secretaria","status":"publish","type":"page","link":"https:\/\/iesmedinaalbaida.catedu.es\/?page_id=71","title":{"rendered":"SECRETAR\u00cdA"},"content":{"rendered":"<p>En la Secretar\u00eda del centro nos atender\u00e1n:\u00a0 \u00a0 \u00a0 \u00a0 \u00a0 \u00a0 \u00a0 \u00a0 \u00a0 \u00a0 \u00a0 \u00a0 \u00a0 \u00a0 \u00a0 \u00a0 \u00a0 \u00a0 \u00a0 \u00a0 \u00a0 \u00a0 \u00a0 \u00a0 \u00a0 \u00a0 \u00a0 \u00a0 \u00a0 \u00a0 \u00a0 \u00a0 \u00a0 \u00a0 \u00a0 \u00a0 \u00a0 \u00a0 \u00a0 \u00a0 \u00a0 \u00a0 \u00a0 \u00a0 \u00a0 \u00a0 \u00a0 \u00a0 \u00a0 \u00a0 \u00a0 \u00a0 \u00a0 \u00a0 \u00a0 \u00a0 \u00a0 \u00a0 \u00a0 \u00a0 \u00a0 \u00a0 \u00a0 \u00a0 \u00a0 \u00a0 \u00a0 \u00a0 \u00a0 \u00a0 \u00a0 \u00a0 \u00a0 \u00a0 \u00a0 \u00a0 \u00a0 \u00a0 \u00a0 \u00a0 \u00a0 \u00a0 \u00a0 \u00a0 \u00a0 \u00a0 \u00a0 \u00a0 \u00a0 \u00a0 \u00a0 \u00a0 \u00a0 \u00a0 \u00a0 \u00a0 \u00a0 \u00a0 \u00a0 \u00a0 \u00a0 \u00a0 \u00a0 \u00a0 \u00a0 \u00a0 \u00a0 \u00a0 \u00a0 \u00a0 \u00a0 \u00a0 \u00a0 \u00a0 \u00a0 \u00a0 \u00a0 \u00a0 \u00a0 \u00a0 \u00a0 \u00a0 \u00a0 \u00a0 \u00a0 \u00a0 <img loading=\"lazy\" decoding=\"async\" class=\"alignright\" src=\"http:\/\/www.um.es\/documents\/299436\/319093\/secretaria1.jpg.png\/c7346400-2203-4366-91e5-22e5c83d530e?t=1466163885551\" alt=\"Resultado de imagen de secretar\u00c3\u00ada\" width=\"180\" height=\"59\" \/><\/p>\n<p>Jefa de Secretar\u00eda: <strong>Bego\u00f1a Gonzalo Mateo<\/strong><\/p>\n<p>Administrativas: M\u00aa <strong>Pilar Gil Mart\u00ednez<\/strong><\/p>\n<p><strong>\u00a0 \u00a0 \u00a0 \u00a0 \u00a0 \u00a0 \u00a0 \u00a0 \u00a0 \u00a0 \u00a0 \u00a0 \u00a0 \u00a0 \u00a0 \u00a0 \u00a0 \u00a0\u00a0<\/strong><\/p>\n<p style=\"text-align: center;\"><strong>Horario atenci\u00f3n al p\u00fablico<\/strong>:<\/p>\n<p style=\"text-align: center;\">De lunes a viernes de <span style=\"font-size: 18pt;\">9<\/span> a <span style=\"font-size: 18pt;\">14<\/span> horas<\/p>\n<p><img loading=\"lazy\" decoding=\"async\" class=\"aligncenter\" src=\"http:\/\/www3.gobiernodecanarias.org\/medusa\/edublog\/eoiarucas\/wp-content\/uploads\/sites\/206\/2018\/04\/secretaria.png\" alt=\"Resultado de imagen de secretar\u00c3\u00ada\" width=\"140\" height=\"167\" \/><\/p>\n<p style=\"text-align: center;\">\u00a0<span style=\"font-size: 14pt;\">976 49 19 00<\/span><\/p>\n<p style=\"text-align: center;\"><img loading=\"lazy\" decoding=\"async\" class=\"wp-image-456 aligncenter\" src=\"https:\/\/iesmedinaalbaida.catedu.es\/wp-content\/uploads\/sites\/271\/2016\/11\/email-icon-150x150.jpg\" alt=\"\" width=\"37\" height=\"37\" srcset=\"https:\/\/iesmedinaalbaida.catedu.es\/wp-content\/uploads\/sites\/271\/2016\/11\/email-icon-150x150.jpg 150w, https:\/\/iesmedinaalbaida.catedu.es\/wp-content\/uploads\/sites\/271\/2016\/11\/email-icon-296x300.jpg 296w, https:\/\/iesmedinaalbaida.catedu.es\/wp-content\/uploads\/sites\/271\/2016\/11\/email-icon-768x779.jpg 768w, https:\/\/iesmedinaalbaida.catedu.es\/wp-content\/uploads\/sites\/271\/2016\/11\/email-icon-1009x1024.jpg 1009w, https:\/\/iesmedinaalbaida.catedu.es\/wp-content\/uploads\/sites\/271\/2016\/11\/email-icon.jpg 1205w\" sizes=\"auto, (max-width: 37px) 100vw, 37px\" \/>\u00a0administracion@iesmedinaalbaida.com<\/p>\n<p style=\"text-align: justify;\">Desde la Secretar\u00eda del centro se facilitan al alumnado y familias todo tipo de informaci\u00f3n y tr\u00e1mites para la matriculaci\u00f3n, petici\u00f3n de certificados, solicitud de convalidaciones, etc<\/p>\n<p style=\"text-align: justify;\">Uno de los tr\u00e1mites m\u00e1s habituales es la solicitud de diferentes certificados emitidos por el centro, y para agilizar esta gesti\u00f3n, ya se ha creado un <a href=\"https:\/\/forms.gle\/qsjMTiadttiuXcL2A\" target=\"_blank\" rel=\"noopener noreferrer\"><strong>formulario on line<\/strong><\/a> que tienen a su disposici\u00f3n.\u00a0 Los certificados se recoger\u00e1n personalmente en horario de Secretaria 2 d\u00edas despu\u00e9s de su solicitud on line.<\/p>\n","protected":false},"excerpt":{"rendered":"<p>En la Secretar\u00eda del centro nos atender\u00e1n:\u00a0 \u00a0 \u00a0 \u00a0 \u00a0 \u00a0 \u00a0 \u00a0 \u00a0 \u00a0 \u00a0 \u00a0 \u00a0 \u00a0 \u00a0 \u00a0 \u00a0 \u00a0 \u00a0 \u00a0 \u00a0 \u00a0 \u00a0 \u00a0 \u00a0 \u00a0 \u00a0 \u00a0 \u00a0 \u00a0 \u00a0 \u00a0 \u00a0 \u00a0 \u00a0 \u00a0 \u00a0 \u00a0 \u00a0 \u00a0 \u00a0 \u00a0 \u00a0 \u00a0 \u00a0 \u00a0 \u00a0 \u00a0 \u00a0 &hellip; <\/p>\n<p><a class=\"more-link btn\" href=\"https:\/\/iesmedinaalbaida.catedu.es\/?page_id=71\">Seguir leyendo<\/a><\/p>\n","protected":false},"author":1179,"featured_media":4601,"parent":0,"menu_order":5,"comment_status":"closed","ping_status":"closed","template":"","meta":{"_crdt_document":"","_monsterinsights_skip_tracking":false,"_monsterinsights_sitenote_active":false,"_monsterinsights_sitenote_note":"","_monsterinsights_sitenote_category":0,"footnotes":""},"class_list":["post-71","page","type-page","status-publish","has-post-thumbnail","hentry","nodate","item-wrap"],"_links":{"self":[{"href":"https:\/\/iesmedinaalbaida.catedu.es\/index.php?rest_route=\/wp\/v2\/pages\/71","targetHints":{"allow":["GET"]}}],"collection":[{"href":"https:\/\/iesmedinaalbaida.catedu.es\/index.php?rest_route=\/wp\/v2\/pages"}],"about":[{"href":"https:\/\/iesmedinaalbaida.catedu.es\/index.php?rest_route=\/wp\/v2\/types\/page"}],"author":[{"embeddable":true,"href":"https:\/\/iesmedinaalbaida.catedu.es\/index.php?rest_route=\/wp\/v2\/users\/1179"}],"replies":[{"embeddable":true,"href":"https:\/\/iesmedinaalbaida.catedu.es\/index.php?rest_route=%2Fwp%2Fv2%2Fcomments&post=71"}],"version-history":[{"count":22,"href":"https:\/\/iesmedinaalbaida.catedu.es\/index.php?rest_route=\/wp\/v2\/pages\/71\/revisions"}],"predecessor-version":[{"id":9360,"href":"https:\/\/iesmedinaalbaida.catedu.es\/index.php?rest_route=\/wp\/v2\/pages\/71\/revisions\/9360"}],"wp:featuredmedia":[{"embeddable":true,"href":"https:\/\/iesmedinaalbaida.catedu.es\/index.php?rest_route=\/wp\/v2\/media\/4601"}],"wp:attachment":[{"href":"https:\/\/iesmedinaalbaida.catedu.es\/index.php?rest_route=%2Fwp%2Fv2%2Fmedia&parent=71"}],"curies":[{"name":"wp","href":"https:\/\/api.w.org\/{rel}","templated":true}]}}