{"id":3958,"date":"2019-05-06T14:07:29","date_gmt":"2019-05-06T13:07:29","guid":{"rendered":"https:\/\/iesmedinaalbaida.catedu.es\/?page_id=3958"},"modified":"2025-05-20T08:58:47","modified_gmt":"2025-05-20T07:58:47","slug":"evau","status":"publish","type":"page","link":"https:\/\/iesmedinaalbaida.catedu.es\/?page_id=3958","title":{"rendered":"PAU inscripci\u00f3n"},"content":{"rendered":"<h2><\/h2>\n<p style=\"text-align: center;\"><span style=\"font-size: 10pt;\"><strong>LEE<\/strong> <strong>CON ATENCI\u00d3N ESTAS<\/strong> <strong>INSTRUCCIONES ENVIADAS A TU CORREO<\/strong><\/span><\/p>\n<p style=\"text-align: center;\"><span style=\"font-size: 18pt;\"><strong><a href=\"https:\/\/iesmedinaalbaida.catedu.es\/?p=9642\">INFORMACI\u00d3N PAU y T\u00cdTULO DE BACHILLER<\/a><\/strong><\/span><\/p>\n<p style=\"text-align: center;\"><span style=\"font-size: 14pt;\"><strong><span style=\"color: #333399;\"><a style=\"color: #333399;\" href=\"https:\/\/academico.unizar.es\/acceso-admision-grado\/evau\/convo\" target=\"_blank\" rel=\"noopener noreferrer\">Consulta el <\/a>convocatoria y normativa aplicable<\/span><\/strong><\/span><\/p>\n<p style=\"text-align: center;\"><span style=\"font-size: 14pt; color: #333399;\"><a style=\"color: #333399;\" href=\"https:\/\/academico.unizar.es\/acceso-admision-grado\/evau\/convo\" target=\"_blank\" rel=\"noopener noreferrer\"><strong>de UNIZAR<\/strong><\/a><\/span><\/p>\n<p><b>DOCUMENTACI\u00d3N<\/b><b> A PRESENTAR AL TRIBUNAL<\/b><\/p>\n<p><b>Es obligatorio presentar:<\/b><\/p>\n<ul>\n<li style=\"font-weight: 400;\" aria-level=\"1\"><b>un DOCUMENTO identificativo oficial <\/b><span style=\"font-weight: 400;\">(DNI, Tarjeta de residencia, pasaporte, carn\u00e9 de conducir)<\/span><\/li>\n<li style=\"font-weight: 400;\" aria-level=\"1\"><b>EL JUSTIFICANTE DE LA CARTA DE PAGO. <\/b><span style=\"font-weight: 400;\">No os lo van a pedir en cada examen, pero es importante que lo teng\u00e1is por si hay alg\u00fan error en listados, por ejemplo.<\/span><\/li>\n<li style=\"font-weight: 400;\" aria-level=\"1\"><b>Las ETIQUETAS identificativas personales<\/b><span style=\"font-weight: 400;\">.<\/span><\/li>\n<\/ul>\n<p><span style=\"font-weight: 400;\">A los\u00a0alumnos de convocatorias anteriores o los alumnos que no realizaron previamente preinscripci\u00f3n estas etiquetas les ser\u00e1n entregadas por el tribunal.<\/span><\/p>\n<p>&nbsp;<\/p>\n<p>&nbsp;<\/p>\n<p>&nbsp;<\/p>\n","protected":false},"excerpt":{"rendered":"<p>LEE CON ATENCI\u00d3N ESTAS INSTRUCCIONES ENVIADAS A TU CORREO INFORMACI\u00d3N PAU y T\u00cdTULO DE BACHILLER Consulta el convocatoria y normativa aplicable de UNIZAR DOCUMENTACI\u00d3N A PRESENTAR AL TRIBUNAL Es obligatorio presentar: un DOCUMENTO identificativo oficial (DNI, Tarjeta de residencia, pasaporte, carn\u00e9 de conducir) EL JUSTIFICANTE DE LA CARTA DE PAGO. No os lo van a &hellip; <\/p>\n<p><a class=\"more-link btn\" href=\"https:\/\/iesmedinaalbaida.catedu.es\/?page_id=3958\">Seguir leyendo<\/a><\/p>\n","protected":false},"author":1179,"featured_media":4637,"parent":0,"menu_order":5,"comment_status":"closed","ping_status":"closed","template":"","meta":{"_crdt_document":"","_monsterinsights_skip_tracking":false,"_monsterinsights_sitenote_active":false,"_monsterinsights_sitenote_note":"","_monsterinsights_sitenote_category":0,"footnotes":""},"class_list":["post-3958","page","type-page","status-publish","has-post-thumbnail","hentry","nodate","item-wrap"],"_links":{"self":[{"href":"https:\/\/iesmedinaalbaida.catedu.es\/index.php?rest_route=\/wp\/v2\/pages\/3958","targetHints":{"allow":["GET"]}}],"collection":[{"href":"https:\/\/iesmedinaalbaida.catedu.es\/index.php?rest_route=\/wp\/v2\/pages"}],"about":[{"href":"https:\/\/iesmedinaalbaida.catedu.es\/index.php?rest_route=\/wp\/v2\/types\/page"}],"author":[{"embeddable":true,"href":"https:\/\/iesmedinaalbaida.catedu.es\/index.php?rest_route=\/wp\/v2\/users\/1179"}],"replies":[{"embeddable":true,"href":"https:\/\/iesmedinaalbaida.catedu.es\/index.php?rest_route=%2Fwp%2Fv2%2Fcomments&post=3958"}],"version-history":[{"count":15,"href":"https:\/\/iesmedinaalbaida.catedu.es\/index.php?rest_route=\/wp\/v2\/pages\/3958\/revisions"}],"predecessor-version":[{"id":9646,"href":"https:\/\/iesmedinaalbaida.catedu.es\/index.php?rest_route=\/wp\/v2\/pages\/3958\/revisions\/9646"}],"wp:featuredmedia":[{"embeddable":true,"href":"https:\/\/iesmedinaalbaida.catedu.es\/index.php?rest_route=\/wp\/v2\/media\/4637"}],"wp:attachment":[{"href":"https:\/\/iesmedinaalbaida.catedu.es\/index.php?rest_route=%2Fwp%2Fv2%2Fmedia&parent=3958"}],"curies":[{"name":"wp","href":"https:\/\/api.w.org\/{rel}","templated":true}]}}