{"id":3541,"date":"2019-04-11T11:25:20","date_gmt":"2019-04-11T10:25:20","guid":{"rendered":"https:\/\/iesmedinaalbaida.catedu.es\/?page_id=3541"},"modified":"2023-04-13T16:27:27","modified_gmt":"2023-04-13T15:27:27","slug":"tareas-escolares","status":"publish","type":"page","link":"https:\/\/iesmedinaalbaida.catedu.es\/?page_id=3541","title":{"rendered":"TAREAS ESCOLARES"},"content":{"rendered":"<p><img loading=\"lazy\" decoding=\"async\" class=\"aligncenter wp-image-4756 \" src=\"https:\/\/iesmedinaalbaida.catedu.es\/wp-content\/uploads\/sites\/271\/2019\/06\/tareas-300x197.png\" alt=\"\" width=\"187\" height=\"123\" \/><img loading=\"lazy\" decoding=\"async\" class=\"aligncenter wp-image-3817\" src=\"https:\/\/iesmedinaalbaida.catedu.es\/wp-content\/uploads\/sites\/271\/2019\/05\/boa.jpg\" alt=\"\" width=\"101\" height=\"101\" \/><a href=\"http:\/\/www.boa.aragon.es\/cgi-bin\/EBOA\/BRSCGI?CMD=VEROBJ&amp;MLKOB=1056142882525\" target=\"_blank\" rel=\"noopener noreferrer\" data-saferedirecturl=\"https:\/\/www.google.com\/url?q=http:\/\/www.boa.aragon.es\/cgi-bin\/EBOA\/BRSCGI?CMD%3DVEROBJ%26MLKOB%3D1056142882525&amp;source=gmail&amp;ust=1560592112105000&amp;usg=AFQjCNHRcI51wqgUkvsKTQzk9s7GnoFB8A\">ORDEN ECD\/2146\/2018, de 28 de diciembre, por la que se convoca a los centros docentes sostenidos con fondos p\u00fablicos de Educaci\u00f3n Infantil, Primaria y Secundaria y en Centros de Educaci\u00f3n Especial de la Comunidad Aut\u00f3noma de Arag\u00f3n para el desarrollo del proceso de reflexi\u00f3n en torno a las tareas escolares en el proceso de aprendizaje.<\/a><\/p>\n<p><span style=\"font-family: arial, sans-serif;\"><b>J<span style=\"color: #000000;\">ustificaci\u00f3n<\/span><\/b><span style=\"color: #000000;\">:<\/span><\/span><\/p>\n<p style=\"text-align: justify;\"><span style=\"color: #000000; font-family: arial, sans-serif;\">Ley Org\u00e1nica 2\/2006, de 3 de mayo, art\u00edculo 121.5. \u201clos centros promover\u00e1n compromisos educativos entre las familias o tutores legales y el propio centro en los que se consignen las actividades que padres, profesores y alumnos se comprometen a desarrollar para mejorar el rendimiento acad\u00e9mico del alumnado\u201d.<\/span><\/p>\n<p style=\"text-align: justify;\"><span style=\"color: #000000; font-family: arial, sans-serif;\">Asimismo, Ley Org\u00e1nica 8\/1985, corresponde a los padres \u201cparticipar de manera activa en las actividades que se establezcan en virtud de los compromisos educativos que los centros establezcan con las familias, para mejorar el rendimiento de sus hijos\u201d.<\/span><\/p>\n<p style=\"text-align: justify;\"><span style=\"color: #000000; font-family: arial, sans-serif;\"><b>Objetivo<\/b>: elaboraci\u00f3n de un documento de acuerdos y regulaci\u00f3n de las tareas escolares.<\/span><\/p>\n<p style=\"text-align: justify;\"><span style=\"color: #000000; font-family: arial, sans-serif;\">Contenido\u00a0de ese documento: al menos, los siguientes apartados:<\/span><\/p>\n<ol style=\"text-align: justify;\">\n<li><span style=\"color: #000000; font-family: arial, sans-serif;\">Tipos de tareas y objetivos pedag\u00f3gicos.<\/span><\/li>\n<li><span style=\"color: #000000; font-family: arial, sans-serif;\">Adecuaci\u00f3n de las tareas al perfil del alumnado.<\/span><\/li>\n<li><span style=\"color: #000000; font-family: arial, sans-serif;\">Programaci\u00f3n y planificaci\u00f3n.<\/span><\/li>\n<li><span style=\"color: #000000; font-family: arial, sans-serif;\">Evaluaci\u00f3n.<\/span><\/li>\n<li><span style=\"color: #000000; font-family: arial, sans-serif;\">Iniciativa propia del alumnado.<\/span><\/li>\n<\/ol>\n<p style=\"text-align: justify;\"><span style=\"color: #000000; font-family: arial, sans-serif;\">Se incorporar\u00e1 el Documento de Acuerdos de las tareas escolares al PEC antes de finalizar el curso 2019-2020.<\/span><\/p>\n<p style=\"text-align: justify;\"><span style=\"color: #000000; font-family: arial, sans-serif;\"><b>Comisi\u00f3n de coordinaci\u00f3n de tareas escolares:<\/b><\/span><\/p>\n<p style=\"text-align: justify;\"><span style=\"color: #000000; font-family: arial, sans-serif;\">\u00a0En el Consejo Escolar se constituye la comisi\u00f3n formada por\u00a0<\/span><\/p>\n<ul style=\"text-align: justify;\">\n<li><span style=\"color: #000000; font-family: arial, sans-serif;\">Jefe de Estudios; Beatriz Yang\u00fcela<\/span><\/li>\n<li><span style=\"color: #000000; font-family: arial, sans-serif;\">Representante del profesorado: Pilar Guill\u00e9n<\/span><\/li>\n<li><span style=\"color: #000000; font-family: arial, sans-serif;\">Representante de las familias: Cecilia Peloche<\/span><\/li>\n<li><span style=\"color: #000000; font-family: arial, sans-serif;\">Representante de los alumnos.<\/span><\/li>\n<\/ul>\n<p style=\"text-align: justify;\"><span style=\"color: #000000; font-family: arial, sans-serif;\"><b>Funciones<\/b>: <\/span><\/p>\n<p style=\"text-align: justify;\"><span style=\"color: #000000; font-family: arial, sans-serif;\">inicio y coordinaci\u00f3n del proceso, planificaci\u00f3n de todo el proceso, elaboraci\u00f3n del borrador del documento final de acuerdos y seguimiento de la aplicaci\u00f3n del documento.<\/span><\/p>\n<p style=\"text-align: justify;\"><span style=\"color: #000000; font-family: arial, sans-serif;\"><b>Calendario:<\/b><\/span><\/p>\n<ol>\n<li style=\"text-align: justify;\"><span style=\"color: #000000; font-family: arial, sans-serif;\">Segundo trimestre curso 2018-2019: puesta a disposici\u00f3n de la comunidad educativa el \u201cDocumento base sobre tareas escolares en el proceso de aprendizaje\u201d, Anexo II, .<\/span><\/li>\n<li style=\"text-align: justify;\"><span style=\"color: #000000; font-family: arial, sans-serif;\">Tercer trimestre del curso 2018-2019 y primer trimestre del curso 2019-2020: establecimiento de\u00a0 reflexi\u00f3n y debate que sea necesario. A tal efecto, al menos: Se distribuyen los siguientes formularios para la comunidad educativa familias, profesores y alumnos con el objetivo de recabar informaci\u00f3n desde diferentes puntos de vista.<\/span><\/li>\n<li style=\"text-align: justify;\"><span style=\"color: #000000; font-family: arial, sans-serif;\">A partir de enero de 2020, finalizado el per\u00edodo de reflexi\u00f3n y debate, la comisi\u00f3n de coordinaci\u00f3n elaborar\u00e1 el borrador de documento de acuerdos y regulaci\u00f3n de las tareas escolares.<br \/>\n<\/span><\/li>\n<li style=\"text-align: justify;\"><span style=\"color: #000000; font-family: arial, sans-serif;\">Una vez elaborado, se abrir\u00e1 un per\u00edodo de m\u00ednimo 10 d\u00edas para la aportaci\u00f3n de propuestas.<\/span><\/li>\n<li style=\"text-align: justify;\"><span style=\"color: #000000; font-family: arial, sans-serif;\">Una vez terminado, se remitir\u00e1 al Claustro y Consejo Escolar para su aprobaci\u00f3n.<\/span><\/li>\n<li style=\"text-align: justify;\"><span style=\"color: #000000; font-family: arial, sans-serif;\">Antes de la finalizaci\u00f3n del curso 2019-2020 el Documento de acuerdos y regulaci\u00f3n de las tareas escolares deber\u00e1 ser aprobado en Claustro para su incorporaci\u00f3n al Proyecto Educativo de Centro.<\/span><\/li>\n<li style=\"text-align: justify;\"><span style=\"color: #000000; font-family: arial, sans-serif;\">En el mismo plazo deber\u00e1 aprobarse en Consejo Escolar para su incorporaci\u00f3n al PEC<\/span><\/li>\n<\/ol>\n<p>&nbsp;<\/p>\n<h3>Formularios<\/h3>\n<p><span style=\"font-size: 10pt;\">Con objeto de recabar informaci\u00f3n desde los distintos puntos de vista.<\/span><\/p>\n<div><b>FAMILIAS\u00a0 \u00a0\u00a0 \u00a0\u00a0<\/b><a href=\"https:\/\/forms.gle\/r62nh3B2S4FLHCCD6\" target=\"_blank\" rel=\"noopener noreferrer\" data-saferedirecturl=\"https:\/\/www.google.com\/url?q=https:\/\/forms.gle\/r62nh3B2S4FLHCCD6&amp;source=gmail&amp;ust=1560588443264000&amp;usg=AFQjCNEeTRTclVSqlwKXbEdrkfOit4St1A\">https:\/\/forms.gle\/<wbr \/>r62nh3B2S4FLHCCD6<\/a><\/div>\n<div><b>ALUMNOS\u00a0 <\/b>\u00a0<a href=\"https:\/\/forms.gle\/3RkuAoTkW4uM6Hmx5\" target=\"_blank\" rel=\"noopener noreferrer\" data-saferedirecturl=\"https:\/\/www.google.com\/url?q=https:\/\/forms.gle\/3RkuAoTkW4uM6Hmx5&amp;source=gmail&amp;ust=1560588443264000&amp;usg=AFQjCNGYtpBvX8DDZb7B60dFkKsDsc-ZvQ\">https:\/\/forms.gle\/<wbr \/>3RkuAoTkW4uM6Hmx5<\/a><\/div>\n<div><\/div>\n<div><\/div>\n","protected":false},"excerpt":{"rendered":"<p>ORDEN ECD\/2146\/2018, de 28 de diciembre, por la que se convoca a los centros docentes sostenidos con fondos p\u00fablicos de Educaci\u00f3n Infantil, Primaria y Secundaria y en Centros de Educaci\u00f3n Especial de la Comunidad Aut\u00f3noma de Arag\u00f3n para el desarrollo del proceso de reflexi\u00f3n en torno a las tareas escolares en el proceso de aprendizaje. &hellip; <\/p>\n<p><a class=\"more-link btn\" href=\"https:\/\/iesmedinaalbaida.catedu.es\/?page_id=3541\">Seguir leyendo<\/a><\/p>\n","protected":false},"author":1179,"featured_media":0,"parent":0,"menu_order":3,"comment_status":"closed","ping_status":"closed","template":"","meta":{"_crdt_document":"","_monsterinsights_skip_tracking":false,"_monsterinsights_sitenote_active":false,"_monsterinsights_sitenote_note":"","_monsterinsights_sitenote_category":0,"footnotes":""},"class_list":["post-3541","page","type-page","status-publish","hentry","nodate","item-wrap"],"_links":{"self":[{"href":"https:\/\/iesmedinaalbaida.catedu.es\/index.php?rest_route=\/wp\/v2\/pages\/3541","targetHints":{"allow":["GET"]}}],"collection":[{"href":"https:\/\/iesmedinaalbaida.catedu.es\/index.php?rest_route=\/wp\/v2\/pages"}],"about":[{"href":"https:\/\/iesmedinaalbaida.catedu.es\/index.php?rest_route=\/wp\/v2\/types\/page"}],"author":[{"embeddable":true,"href":"https:\/\/iesmedinaalbaida.catedu.es\/index.php?rest_route=\/wp\/v2\/users\/1179"}],"replies":[{"embeddable":true,"href":"https:\/\/iesmedinaalbaida.catedu.es\/index.php?rest_route=%2Fwp%2Fv2%2Fcomments&post=3541"}],"version-history":[{"count":14,"href":"https:\/\/iesmedinaalbaida.catedu.es\/index.php?rest_route=\/wp\/v2\/pages\/3541\/revisions"}],"predecessor-version":[{"id":8777,"href":"https:\/\/iesmedinaalbaida.catedu.es\/index.php?rest_route=\/wp\/v2\/pages\/3541\/revisions\/8777"}],"wp:attachment":[{"href":"https:\/\/iesmedinaalbaida.catedu.es\/index.php?rest_route=%2Fwp%2Fv2%2Fmedia&parent=3541"}],"curies":[{"name":"wp","href":"https:\/\/api.w.org\/{rel}","templated":true}]}}