{"id":130,"date":"2016-11-15T11:05:51","date_gmt":"2016-11-15T10:05:51","guid":{"rendered":"http:\/\/iesmedinaalbaida.catedu.es\/?page_id=130"},"modified":"2023-04-20T15:23:16","modified_gmt":"2023-04-20T14:23:16","slug":"orientacion","status":"publish","type":"page","link":"https:\/\/iesmedinaalbaida.catedu.es\/?page_id=130","title":{"rendered":"Certificados"},"content":{"rendered":"<p style=\"text-align: justify;\"><span style=\"font-size: 14pt;\"><img loading=\"lazy\" decoding=\"async\" class=\" wp-image-4512 alignleft\" src=\"https:\/\/iesmedinaalbaida.catedu.es\/wp-content\/uploads\/sites\/271\/2019\/05\/diploma-certificado_318-1443-300x300.jpg\" alt=\"\" width=\"217\" height=\"217\" srcset=\"https:\/\/iesmedinaalbaida.catedu.es\/wp-content\/uploads\/sites\/271\/2019\/05\/diploma-certificado_318-1443-300x300.jpg 300w, https:\/\/iesmedinaalbaida.catedu.es\/wp-content\/uploads\/sites\/271\/2019\/05\/diploma-certificado_318-1443-150x150.jpg 150w, https:\/\/iesmedinaalbaida.catedu.es\/wp-content\/uploads\/sites\/271\/2019\/05\/diploma-certificado_318-1443.jpg 626w\" sizes=\"auto, (max-width: 217px) 100vw, 217px\" \/>Uno de los tr\u00e1mites m\u00e1s habituales es la solicitud de diferentes certificados emitidos por el centro, y para agilizar esta gesti\u00f3n, hay ya un\u00a0<span style=\"font-size: 18pt;\"><a href=\"https:\/\/forms.gle\/bWtp6Q3KrTeL28SXA\" target=\"_blank\" rel=\"noopener noreferrer\"><strong>formulario online<\/strong><\/a>\u00a0<\/span>a su disposici\u00f3n. Los certificados se recoger\u00e1n personalmente en horario de atenci\u00f3n al p\u00fablico de Secretaria, 2 d\u00edas despu\u00e9s de su solicitud online.<\/span><\/p>\n<p style=\"text-align: justify;\"><span style=\"font-size: 12pt;\">Tambi\u00e9n puedes solicitar tus certificados en las oficinas del centro en horario de atenci\u00f3n al p\u00fablico de 9,00 a 14,00 h. o bien telef\u00f3nicamente en el 976 49 19 00.<\/span><\/p>\n<p style=\"text-align: justify;\"><strong>Los certificados se recoger\u00e1n personalmente en horario de atenci\u00f3n al p\u00fablico 2 d\u00edas despu\u00e9s de su solicitud.<\/strong><\/p>\n<p style=\"text-align: justify;\">\n","protected":false},"excerpt":{"rendered":"<p>Uno de los tr\u00e1mites m\u00e1s habituales es la solicitud de diferentes certificados emitidos por el centro, y para agilizar esta gesti\u00f3n, hay ya un\u00a0formulario online\u00a0a su disposici\u00f3n. Los certificados se recoger\u00e1n personalmente en horario de atenci\u00f3n al p\u00fablico de Secretaria, 2 d\u00edas despu\u00e9s de su solicitud online. Tambi\u00e9n puedes solicitar tus certificados en las oficinas &hellip; <\/p>\n<p><a class=\"more-link btn\" href=\"https:\/\/iesmedinaalbaida.catedu.es\/?page_id=130\">Seguir leyendo<\/a><\/p>\n","protected":false},"author":1179,"featured_media":4512,"parent":0,"menu_order":1,"comment_status":"closed","ping_status":"closed","template":"","meta":{"_crdt_document":"","_monsterinsights_skip_tracking":false,"_monsterinsights_sitenote_active":false,"_monsterinsights_sitenote_note":"","_monsterinsights_sitenote_category":0,"footnotes":""},"class_list":["post-130","page","type-page","status-publish","has-post-thumbnail","hentry","nodate","item-wrap"],"_links":{"self":[{"href":"https:\/\/iesmedinaalbaida.catedu.es\/index.php?rest_route=\/wp\/v2\/pages\/130","targetHints":{"allow":["GET"]}}],"collection":[{"href":"https:\/\/iesmedinaalbaida.catedu.es\/index.php?rest_route=\/wp\/v2\/pages"}],"about":[{"href":"https:\/\/iesmedinaalbaida.catedu.es\/index.php?rest_route=\/wp\/v2\/types\/page"}],"author":[{"embeddable":true,"href":"https:\/\/iesmedinaalbaida.catedu.es\/index.php?rest_route=\/wp\/v2\/users\/1179"}],"replies":[{"embeddable":true,"href":"https:\/\/iesmedinaalbaida.catedu.es\/index.php?rest_route=%2Fwp%2Fv2%2Fcomments&post=130"}],"version-history":[{"count":14,"href":"https:\/\/iesmedinaalbaida.catedu.es\/index.php?rest_route=\/wp\/v2\/pages\/130\/revisions"}],"predecessor-version":[{"id":8828,"href":"https:\/\/iesmedinaalbaida.catedu.es\/index.php?rest_route=\/wp\/v2\/pages\/130\/revisions\/8828"}],"wp:featuredmedia":[{"embeddable":true,"href":"https:\/\/iesmedinaalbaida.catedu.es\/index.php?rest_route=\/wp\/v2\/media\/4512"}],"wp:attachment":[{"href":"https:\/\/iesmedinaalbaida.catedu.es\/index.php?rest_route=%2Fwp%2Fv2%2Fmedia&parent=130"}],"curies":[{"name":"wp","href":"https:\/\/api.w.org\/{rel}","templated":true}]}}